{"id":97,"date":"2022-02-11T18:58:41","date_gmt":"2022-02-11T23:58:41","guid":{"rendered":"https:\/\/agenciaramsey.com\/portal\/?page_id=97"},"modified":"2025-02-03T17:34:40","modified_gmt":"2025-02-03T22:34:40","slug":"reclamos","status":"publish","type":"page","link":"https:\/\/agenciaramsey.com\/portal\/reclamos\/","title":{"rendered":"Libro de Reclamaciones"},"content":{"rendered":"\n<p><strong>AGENCIA RAMSEY S.A<\/strong><\/p>\n\n\n\n<hr class=\"wp-block-separator has-css-opacity\"\/>\n\n\n\n<p style=\"color:#808080\">Conforme a lo establecido en el c\u00f3digo de la Protecci\u00f3n y Defensa del consumidor, contamos con un libro de reclamaciones digital a su disposici\u00f3n.\u00a0<\/p>\n\n\n\n<div class=\"wp-block-contact-form-7-contact-form-selector\"><div role=\"form\" class=\"wpcf7\" id=\"wpcf7-f103-o1\" lang=\"es-PE\" dir=\"ltr\">\n<div class=\"screen-reader-response\"><p role=\"status\" aria-live=\"polite\" aria-atomic=\"true\"><\/p> <ul><\/ul><\/div>\n<form action=\"\/portal\/wp-json\/wp\/v2\/pages\/97#wpcf7-f103-o1\" method=\"post\" class=\"wpcf7-form init\" novalidate=\"novalidate\" data-status=\"init\">\n<div style=\"display: none;\">\n<input type=\"hidden\" name=\"_wpcf7\" value=\"103\" \/>\n<input type=\"hidden\" name=\"_wpcf7_version\" value=\"5.5.4\" \/>\n<input type=\"hidden\" name=\"_wpcf7_locale\" value=\"es_PE\" \/>\n<input type=\"hidden\" name=\"_wpcf7_unit_tag\" value=\"wpcf7-f103-o1\" \/>\n<input type=\"hidden\" name=\"_wpcf7_container_post\" value=\"0\" \/>\n<input type=\"hidden\" name=\"_wpcf7_posted_data_hash\" value=\"\" \/>\n<\/div>\n<div id=\"formulario-responsivo\" class=\"clearfix\">\n<div class=\"fila-formulario\">\n    <label> Apellidos y Nombres : <span class=\"wpcf7-form-control-wrap your-namea\"><input type=\"text\" name=\"your-namea\" value=\"\" size=\"40\" class=\"wpcf7-form-control wpcf7-text wpcf7-validates-as-required\" aria-required=\"true\" aria-invalid=\"false\" \/><\/span> <\/label>\n  <\/div>\n<div class=\"fila-formulario\">\n<div class=\"columna-mitad\"><label> DNI\/CE : <span class=\"wpcf7-form-control-wrap your-dni\"><input type=\"text\" name=\"your-dni\" value=\"\" size=\"40\" class=\"wpcf7-form-control wpcf7-text wpcf7-validates-as-required\" aria-required=\"true\" aria-invalid=\"false\" \/><\/span> <\/label><\/div>\n<div class=\"columna-mitadd\"><label> Domicilio : <span class=\"wpcf7-form-control-wrap your-domicilio\"><input type=\"text\" name=\"your-domicilio\" value=\"\" size=\"40\" class=\"wpcf7-form-control wpcf7-text wpcf7-validates-as-required\" aria-required=\"true\" aria-invalid=\"false\" \/><\/span> <\/label><\/div>\n<\/div>\n<div class=\"fila-formulario\">\n<div class=\"columna-mitad\"><label> Email :<span class=\"wpcf7-form-control-wrap your-email\"><input type=\"email\" name=\"your-email\" value=\"\" size=\"40\" class=\"wpcf7-form-control wpcf7-text wpcf7-email wpcf7-validates-as-required wpcf7-validates-as-email\" aria-required=\"true\" aria-invalid=\"false\" \/><\/span> <\/label><\/div>\n<div class=\"columna-mitadd\"><label> Telefono :<span class=\"wpcf7-form-control-wrap your-telefono\"><input type=\"text\" name=\"your-telefono\" value=\"\" size=\"40\" class=\"wpcf7-form-control wpcf7-text wpcf7-validates-as-required\" aria-required=\"true\" aria-invalid=\"false\" \/><\/span> <\/label><\/div>\n<\/div>\n<div class=\"fila-formulario\">\n    <label> Nombres del Apoderado (de ser menor de edad) : <span class=\"wpcf7-form-control-wrap your-nameap\"><input type=\"text\" name=\"your-nameap\" value=\"\" size=\"40\" class=\"wpcf7-form-control wpcf7-text wpcf7-validates-as-required\" aria-required=\"true\" aria-invalid=\"false\" \/><\/span> <\/label>\n  <\/div>\n<div class=\"fila-formulario\">\n<div class=\"columna-mitad\"><label> Domicilio del Apoderado : <span class=\"wpcf7-form-control-wrap your-domicilioa\"><input type=\"text\" name=\"your-domicilioa\" value=\"\" size=\"40\" class=\"wpcf7-form-control wpcf7-text wpcf7-validates-as-required\" aria-required=\"true\" aria-invalid=\"false\" \/><\/span> <\/label>\n     <\/div>\n<div class=\"columna-mitadd\">\n     <label> DNI\/CE del apoderado: <span class=\"wpcf7-form-control-wrap your-dnia\"><input type=\"text\" name=\"your-dnia\" value=\"\" size=\"40\" class=\"wpcf7-form-control wpcf7-text wpcf7-validates-as-required\" aria-required=\"true\" aria-invalid=\"false\" \/><\/span> <\/label>\n     <\/div>\n<\/div>\n<div class=\"fila-formulario\">\n<div class=\"columna-mitad\"><label> Telefono del Apoderado : <span class=\"wpcf7-form-control-wrap your-telefonoa\"><input type=\"text\" name=\"your-telefonoa\" value=\"\" size=\"40\" class=\"wpcf7-form-control wpcf7-text wpcf7-validates-as-required\" aria-required=\"true\" aria-invalid=\"false\" \/><\/span> <\/label>\n     <\/div>\n<div class=\"columna-mitadd\">\n     <label> Email del apoderado: <span class=\"wpcf7-form-control-wrap your-emaila\"><input type=\"email\" name=\"your-emaila\" value=\"\" size=\"40\" class=\"wpcf7-form-control wpcf7-text wpcf7-email wpcf7-validates-as-required wpcf7-validates-as-email\" aria-required=\"true\" aria-invalid=\"false\" \/><\/span> <\/label>\n     <\/div>\n<\/div>\n<div class=\"fila-formulario\">\n    Identificaci\u00f3n del bien contratado : <span class=\"wpcf7-form-control-wrap your-opcion\"><span class=\"wpcf7-form-control wpcf7-radio\"><span class=\"wpcf7-list-item first\"><input type=\"radio\" name=\"your-opcion\" value=\"Producto\" \/><span class=\"wpcf7-list-item-label\">Producto<\/span><\/span><span class=\"wpcf7-list-item last\"><input type=\"radio\" name=\"your-opcion\" value=\"Servicio\" \/><span class=\"wpcf7-list-item-label\">Servicio<\/span><\/span><\/span><\/span>\n  <\/div>\n<div class=\"fila-formulario\">\n     <label> Descripci\u00f3n :<br \/>\n    <span class=\"wpcf7-form-control-wrap your-subject\"><textarea name=\"your-subject\" cols=\"90\" rows=\"10\" class=\"wpcf7-form-control wpcf7-textarea wpcf7-validates-as-required\" aria-required=\"true\" aria-invalid=\"false\"><\/textarea><\/span> <\/label>\n  <\/div>\n<div class=\"fila-formulario\">\n    Identificaci\u00f3n de la Reclamaci\u00f3n : <span class=\"wpcf7-form-control-wrap your-tipo\"><span class=\"wpcf7-form-control wpcf7-radio\"><span class=\"wpcf7-list-item first\"><input type=\"radio\" name=\"your-tipo\" value=\"Reclamo\" \/><span class=\"wpcf7-list-item-label\">Reclamo<\/span><\/span><span class=\"wpcf7-list-item last\"><input type=\"radio\" name=\"your-tipo\" value=\"Queja\" \/><span class=\"wpcf7-list-item-label\">Queja<\/span><\/span><\/span><\/span>\n  <\/div>\n<div class=\"fila-formulario\">\n     <label> Detalle de la Reclamaci\u00f3n :<br \/>\n    <span class=\"wpcf7-form-control-wrap your-message\"><textarea name=\"your-message\" cols=\"90\" rows=\"10\" class=\"wpcf7-form-control wpcf7-textarea\" aria-invalid=\"false\"><\/textarea><\/span> <\/label>\n  <\/div>\n<p><input type=\"submit\" value=\"Enviar Reclamo\" class=\"wpcf7-form-control has-spinner wpcf7-submit\" \/>\n<\/p><\/div>\n<div class=\"wpcf7-response-output\" aria-hidden=\"true\"><\/div><\/form><\/div><\/div>\n","protected":false},"excerpt":{"rendered":"<p>AGENCIA RAMSEY S.A Conforme a lo establecido en el c\u00f3digo de la Protecci\u00f3n y Defensa del consumidor, contamos con un [&hellip;]<\/p>\n","protected":false},"author":1,"featured_media":0,"parent":0,"menu_order":0,"comment_status":"closed","ping_status":"closed","template":"","meta":{"_monsterinsights_skip_tracking":false,"_monsterinsights_sitenote_active":false,"_monsterinsights_sitenote_note":"","_monsterinsights_sitenote_category":0,"footnotes":""},"class_list":["post-97","page","type-page","status-publish","hentry"],"_links":{"self":[{"href":"https:\/\/agenciaramsey.com\/portal\/wp-json\/wp\/v2\/pages\/97","targetHints":{"allow":["GET"]}}],"collection":[{"href":"https:\/\/agenciaramsey.com\/portal\/wp-json\/wp\/v2\/pages"}],"about":[{"href":"https:\/\/agenciaramsey.com\/portal\/wp-json\/wp\/v2\/types\/page"}],"author":[{"embeddable":true,"href":"https:\/\/agenciaramsey.com\/portal\/wp-json\/wp\/v2\/users\/1"}],"replies":[{"embeddable":true,"href":"https:\/\/agenciaramsey.com\/portal\/wp-json\/wp\/v2\/comments?post=97"}],"version-history":[{"count":8,"href":"https:\/\/agenciaramsey.com\/portal\/wp-json\/wp\/v2\/pages\/97\/revisions"}],"predecessor-version":[{"id":180,"href":"https:\/\/agenciaramsey.com\/portal\/wp-json\/wp\/v2\/pages\/97\/revisions\/180"}],"wp:attachment":[{"href":"https:\/\/agenciaramsey.com\/portal\/wp-json\/wp\/v2\/media?parent=97"}],"curies":[{"name":"wp","href":"https:\/\/api.w.org\/{rel}","templated":true}]}}