{"id":89,"date":"2022-02-11T18:33:00","date_gmt":"2022-02-11T23:33:00","guid":{"rendered":"https:\/\/agenciaramsey.com\/portal\/?page_id=89"},"modified":"2026-01-23T12:29:42","modified_gmt":"2026-01-23T17:29:42","slug":"transporte-terrestre","status":"publish","type":"page","link":"https:\/\/agenciaramsey.com\/portal\/transporte-terrestre\/","title":{"rendered":"Transporte Terrestre"},"content":{"rendered":"\n<p><strong>RUTA INTEROCE\u00c1NICA<\/strong><\/p>\n\n\n\n<p>Debido a que el transporte de carga terrestre es actualmente un requerimiento fundamental para nuestros clientes, ponemos nuestro esfuerzo para ofrecer un servicio de calidad, eficaz y responsable en el traslado de sus mercanc\u00edas tanto de importaci\u00f3n como exportaci\u00f3n.<\/p>\n\n\n\n<p><strong>TRANSPORTE TERRESTRE INTERNACIONAL&nbsp;<br><em>Somos Representantes de JS Candido Ltda.<\/em><\/strong><\/p>\n\n\n\n<p>\u2022Transporte de carga en camiones completos, en unidades acordes a los requisitos de la mercader\u00eda a trasladar desde&nbsp;<strong>Per\u00fa<\/strong>&nbsp;hacia&nbsp;<strong>Brasil<\/strong>&nbsp;y viceversa.<br>\u2022Servicio de transporte de cargas consolidadas con salidas semanales desde y hacia Brasil.<br>\u2022Servicio de carga consolidada y en camiones completos.<\/p>\n\n\n\n<figure class=\"wp-block-image size-full\"><img loading=\"lazy\" decoding=\"async\" width=\"980\" height=\"546\" src=\"https:\/\/agenciaramsey.com\/portal\/wp-content\/uploads\/2026\/01\/WhatsApp-Image-2026-01-23-at-12.10.25-PM.jpeg\" alt=\"\" class=\"wp-image-194\" srcset=\"https:\/\/agenciaramsey.com\/portal\/wp-content\/uploads\/2026\/01\/WhatsApp-Image-2026-01-23-at-12.10.25-PM.jpeg 980w, https:\/\/agenciaramsey.com\/portal\/wp-content\/uploads\/2026\/01\/WhatsApp-Image-2026-01-23-at-12.10.25-PM-300x167.jpeg 300w, https:\/\/agenciaramsey.com\/portal\/wp-content\/uploads\/2026\/01\/WhatsApp-Image-2026-01-23-at-12.10.25-PM-768x428.jpeg 768w\" sizes=\"auto, (max-width: 980px) 100vw, 980px\" \/><\/figure>\n","protected":false},"excerpt":{"rendered":"<p>RUTA INTEROCE\u00c1NICA Debido a que el transporte de carga terrestre es actualmente un requerimiento fundamental para nuestros clientes, ponemos nuestro [&hellip;]<\/p>\n","protected":false},"author":1,"featured_media":0,"parent":0,"menu_order":0,"comment_status":"closed","ping_status":"closed","template":"","meta":{"_monsterinsights_skip_tracking":false,"_monsterinsights_sitenote_active":false,"_monsterinsights_sitenote_note":"","_monsterinsights_sitenote_category":0,"footnotes":""},"class_list":["post-89","page","type-page","status-publish","hentry"],"_links":{"self":[{"href":"https:\/\/agenciaramsey.com\/portal\/wp-json\/wp\/v2\/pages\/89","targetHints":{"allow":["GET"]}}],"collection":[{"href":"https:\/\/agenciaramsey.com\/portal\/wp-json\/wp\/v2\/pages"}],"about":[{"href":"https:\/\/agenciaramsey.com\/portal\/wp-json\/wp\/v2\/types\/page"}],"author":[{"embeddable":true,"href":"https:\/\/agenciaramsey.com\/portal\/wp-json\/wp\/v2\/users\/1"}],"replies":[{"embeddable":true,"href":"https:\/\/agenciaramsey.com\/portal\/wp-json\/wp\/v2\/comments?post=89"}],"version-history":[{"count":2,"href":"https:\/\/agenciaramsey.com\/portal\/wp-json\/wp\/v2\/pages\/89\/revisions"}],"predecessor-version":[{"id":196,"href":"https:\/\/agenciaramsey.com\/portal\/wp-json\/wp\/v2\/pages\/89\/revisions\/196"}],"wp:attachment":[{"href":"https:\/\/agenciaramsey.com\/portal\/wp-json\/wp\/v2\/media?parent=89"}],"curies":[{"name":"wp","href":"https:\/\/api.w.org\/{rel}","templated":true}]}}