{"id":86,"date":"2022-02-11T18:27:12","date_gmt":"2022-02-11T23:27:12","guid":{"rendered":"https:\/\/agenciaramsey.com\/portal\/?page_id=86"},"modified":"2022-02-11T18:27:14","modified_gmt":"2022-02-11T23:27:14","slug":"agenciamiento-aduanero","status":"publish","type":"page","link":"https:\/\/agenciaramsey.com\/portal\/agenciamiento-aduanero\/","title":{"rendered":"Agenciamiento Aduanero"},"content":{"rendered":"\n<p><strong>Mar\u00edtimos, A\u00e9reos, Post\u00e1les.<\/strong><\/p>\n\n\n\n<p><img loading=\"lazy\" decoding=\"async\" src=\"https:\/\/agenciaramsey.com\/images\/contenid\/desaduanamiento.png\" alt=\"desaduanamiento\" width=\"280\" height=\"320\" align=\"right\">Gestionamos los procedimientos de despacho:<\/p>\n\n\n\n<ul class=\"wp-block-list\"><li>Reg\u00edmenes de Importaci\u00f3n: Importaci\u00f3n de Consumo (Despacho Anticipado, Urgente y Excepcional), Reimportaci\u00f3n en el mismo Estado, Admisi\u00f3n Temporal para Re-exportaci\u00f3n en el mismo Estado.<\/li><li>Reg\u00edmenes de Exportaci\u00f3n: Exportaci\u00f3n Definitiva, Exportaci\u00f3n Temporal para Reimportaci\u00f3n en el mismo Estado.<\/li><li>Reg\u00edmenes de Perfeccionamiento: Admisi\u00f3n Temporal, Drawback, Reposici\u00f3n de Mercanc\u00edas con Franquicia Arancelaria.<\/li><li>R\u00e9gimen de Deposito: Dep\u00f3sito Aduanero.<\/li><li>R\u00e9gimen de transito: Transito Aduanero, Transbordo, Reembarque.<\/li><li>Otros reg\u00edmenes aduaneros o de excepci\u00f3n: Tales como ferias.<\/li><\/ul>\n\n\n\n<p><strong>Nuestro servicio incluye:<br><\/strong>Agenciamiento aduanero para el proceso de desaduanamiento de mercanc\u00edas, desde la recepci\u00f3n de los documentos completos hasta la obtenci\u00f3n del levante autorizado por la autoridad aduanera.<\/p>\n\n\n\n<p><strong>Ofrecemos:<br><\/strong>Los mejores est\u00e1ndares de tiempo para los despachos anticipados y urgentes, asegurando el desaduanamiento de mercader\u00eda en el dia de llegada.<\/p>\n\n\n\n<p>Sectorista exclusivo para el control de las operaciones temporales y reg\u00edmenes de Perfeccionamiento.<\/p>\n","protected":false},"excerpt":{"rendered":"<p>Mar\u00edtimos, A\u00e9reos, Post\u00e1les. Gestionamos los procedimientos de despacho: Reg\u00edmenes de Importaci\u00f3n: Importaci\u00f3n de Consumo (Despacho Anticipado, Urgente y Excepcional), Reimportaci\u00f3n [&hellip;]<\/p>\n","protected":false},"author":1,"featured_media":0,"parent":0,"menu_order":0,"comment_status":"closed","ping_status":"closed","template":"","meta":{"_monsterinsights_skip_tracking":false,"_monsterinsights_sitenote_active":false,"_monsterinsights_sitenote_note":"","_monsterinsights_sitenote_category":0,"footnotes":""},"class_list":["post-86","page","type-page","status-publish","hentry"],"_links":{"self":[{"href":"https:\/\/agenciaramsey.com\/portal\/wp-json\/wp\/v2\/pages\/86","targetHints":{"allow":["GET"]}}],"collection":[{"href":"https:\/\/agenciaramsey.com\/portal\/wp-json\/wp\/v2\/pages"}],"about":[{"href":"https:\/\/agenciaramsey.com\/portal\/wp-json\/wp\/v2\/types\/page"}],"author":[{"embeddable":true,"href":"https:\/\/agenciaramsey.com\/portal\/wp-json\/wp\/v2\/users\/1"}],"replies":[{"embeddable":true,"href":"https:\/\/agenciaramsey.com\/portal\/wp-json\/wp\/v2\/comments?post=86"}],"version-history":[{"count":2,"href":"https:\/\/agenciaramsey.com\/portal\/wp-json\/wp\/v2\/pages\/86\/revisions"}],"predecessor-version":[{"id":88,"href":"https:\/\/agenciaramsey.com\/portal\/wp-json\/wp\/v2\/pages\/86\/revisions\/88"}],"wp:attachment":[{"href":"https:\/\/agenciaramsey.com\/portal\/wp-json\/wp\/v2\/media?parent=86"}],"curies":[{"name":"wp","href":"https:\/\/api.w.org\/{rel}","templated":true}]}}