{"id":81,"date":"2022-02-11T18:18:02","date_gmt":"2022-02-11T23:18:02","guid":{"rendered":"https:\/\/agenciaramsey.com\/portal\/?page_id=81"},"modified":"2022-02-16T12:12:04","modified_gmt":"2022-02-16T17:12:04","slug":"nosotros","status":"publish","type":"page","link":"https:\/\/agenciaramsey.com\/portal\/nosotros\/","title":{"rendered":"Nosotros"},"content":{"rendered":"\n<p class=\"has-text-align-left\">Bienvenidos a Ramsey S.A.<br><br><img decoding=\"async\" align=\"right\" src=\"https:\/\/agenciaramsey.com\/images\/contenid\/todos_una_mano.png\">Ramsey es una empresa peruana constituida hace m\u00e1s de 39 a\u00f1os, y que gracias a su constante buen servicio se ha hecho paso para constituirse actualmente en una de los mejores Operadores Log\u00edsticos del Per\u00fa.<\/p>\n\n\n\n<p class=\"has-text-align-left\">Nos caracterizamos por nuestra atenci\u00f3n personalizada,&nbsp;rapidez&nbsp;y seguridad en el servicio para la entrega de sus mercanc\u00edas. Encontrando la diferencia entre nosotros y los dem\u00e1s en que nuestro enfoque es verdaderamente internacional ofreci\u00e9ndoles una gama completa de recursos globales que no encontrar\u00e1 en otro lugar.<\/p>\n\n\n\n<p>El cabal conocimiento de la legislaci\u00f3n aduanera, as\u00ed como de las operaciones de comercio exterior en todo su contexto, soportado en la competencia de nuestros profesionales y la permanente adecuaci\u00f3n de nuestras operaciones a los avances tecnol\u00f3gicos aseguran la calidad y eficiencia de nuestro servicio.&nbsp;<\/p>\n\n\n\n<p><strong>NUESTRA VISI\u00d3N:<\/strong><br>Ser l\u00edderes en Brindar el mejor soporte log\u00edstico facilitando las operaciones de Comercio Exterior.&nbsp;<\/p>\n\n\n\n<p><br><strong>NUESTRA MISI\u00d3N:<\/strong>&nbsp;&nbsp;&nbsp;&nbsp;&nbsp;&nbsp;&nbsp;<br>Desarrollar y prestar servicios de Seguridad y Calidad a fin de satisfacer las necesidades y expectat\u00edvas de nuestros Clientes, en el menor tiempo posible convirti\u00e9ndonos en sus socios estrat\u00e9gicos.&nbsp;<\/p>\n","protected":false},"excerpt":{"rendered":"<p>Bienvenidos a Ramsey S.A. Ramsey es una empresa peruana constituida hace m\u00e1s de 39 a\u00f1os, y que gracias a su [&hellip;]<\/p>\n","protected":false},"author":1,"featured_media":0,"parent":0,"menu_order":0,"comment_status":"closed","ping_status":"closed","template":"","meta":{"_monsterinsights_skip_tracking":false,"_monsterinsights_sitenote_active":false,"_monsterinsights_sitenote_note":"","_monsterinsights_sitenote_category":0,"footnotes":""},"class_list":["post-81","page","type-page","status-publish","hentry"],"_links":{"self":[{"href":"https:\/\/agenciaramsey.com\/portal\/wp-json\/wp\/v2\/pages\/81","targetHints":{"allow":["GET"]}}],"collection":[{"href":"https:\/\/agenciaramsey.com\/portal\/wp-json\/wp\/v2\/pages"}],"about":[{"href":"https:\/\/agenciaramsey.com\/portal\/wp-json\/wp\/v2\/types\/page"}],"author":[{"embeddable":true,"href":"https:\/\/agenciaramsey.com\/portal\/wp-json\/wp\/v2\/users\/1"}],"replies":[{"embeddable":true,"href":"https:\/\/agenciaramsey.com\/portal\/wp-json\/wp\/v2\/comments?post=81"}],"version-history":[{"count":3,"href":"https:\/\/agenciaramsey.com\/portal\/wp-json\/wp\/v2\/pages\/81\/revisions"}],"predecessor-version":[{"id":143,"href":"https:\/\/agenciaramsey.com\/portal\/wp-json\/wp\/v2\/pages\/81\/revisions\/143"}],"wp:attachment":[{"href":"https:\/\/agenciaramsey.com\/portal\/wp-json\/wp\/v2\/media?parent=81"}],"curies":[{"name":"wp","href":"https:\/\/api.w.org\/{rel}","templated":true}]}}