{"id":154,"date":"2022-04-07T23:55:52","date_gmt":"2022-04-08T04:55:52","guid":{"rendered":"https:\/\/agenciaramsey.com\/portal\/?page_id=154"},"modified":"2022-04-08T11:12:10","modified_gmt":"2022-04-08T16:12:10","slug":"tiempos-de-atencion","status":"publish","type":"page","link":"https:\/\/agenciaramsey.com\/portal\/tiempos-de-atencion\/","title":{"rendered":"Tiempos de Atenci\u00f3n"},"content":{"rendered":"\n<figure class=\"wp-block-table is-style-stripes has-small-font-size\"><table><tbody><tr><td><strong>ITEM<\/strong><\/td><td class=\"has-text-align-center\" data-align=\"center\"><strong>SERVICIO<\/strong><\/td><td><strong>TIPO DE COMERCIO<\/strong> <\/td><td><strong>TIEMPO PROMEDIO DE ATENCI\u00d3N<\/strong><\/td><\/tr><tr><td>1<\/td><td class=\"has-text-align-center\" data-align=\"center\">Importaci\u00f3n definitiva          <\/td><td>IMPORTACION <\/td><td>De 1 &#8211; 5 d\u00edas, el tiempo depender\u00e1 del canal asignado y las incidencias durante el despachos aduanero.<\/td><\/tr><tr><td>2<\/td><td class=\"has-text-align-center\" data-align=\"center\">Importaci\u00f3n temporal<\/td><td>IMPORTACION <\/td><td>De 2 &#8211; 7 d\u00edas, el tiempo depender\u00e1 del canal asignado y las incidencias durante el despachos aduanero.<\/td><\/tr><tr><td>3<\/td><td class=\"has-text-align-center\" data-align=\"center\">Deposito Aduanero<\/td><td>IMPORTACION <\/td><td>De 2 &#8211; 7 d\u00edas, el tiempo depender\u00e1 del canal asignado y las incidencias durante el despachos aduanero.<\/td><\/tr><tr><td>4<\/td><td class=\"has-text-align-center\" data-align=\"center\">Reconocimiento previo<\/td><td>IMPORTACION <\/td><td>De 1 &#8211; 3 d\u00edas, depender\u00e1 de la disponibilidad del almac\u00e9n y las incidencias durante el despachos aduanero.<\/td><\/tr><tr><td>5<\/td><td class=\"has-text-align-center\" data-align=\"center\">Aforo f\u00edsico<\/td><td>IMPORTACION <\/td><td>De 1 &#8211; 3 d\u00edas, depender\u00e1 de la disponibilidad del almac\u00e9n y las incidencias durante el despachos aduanero.<\/td><\/tr><tr><td>6<\/td><td class=\"has-text-align-center\" data-align=\"center\">Aforo Senasa<\/td><td>IMPORTACION <\/td><td>De 1 &#8211; 3 d\u00edas, depender\u00e1 de la disponibilidad del almac\u00e9n y las incidencias durante el despachos aduanero.<\/td><\/tr><tr><td>7<\/td><td class=\"has-text-align-center\" data-align=\"center\">Exportaci\u00f3n definitiva<\/td><td>EXPORTACION <\/td><td>De 2 &#8211; 10 d\u00edas, depender\u00e1 de la disponibilidad del almac\u00e9n y las incidencias durante el despachos aduanero.<\/td><\/tr><tr><td>8<\/td><td class=\"has-text-align-center\" data-align=\"center\">Exportaci\u00f3n temporal<\/td><td>EXPORTACION <\/td><td>De 2 &#8211; 10 d\u00edas, depender\u00e1 de la disponibilidad del almac\u00e9n y las incidencias durante el despachos aduanero.<\/td><\/tr><tr><td>9<\/td><td class=\"has-text-align-center\" data-align=\"center\">Aforo f\u00edsico<\/td><td>EXPORTACION <\/td><td>De 1 &#8211; 3 d\u00edas, depender\u00e1 de la disponibilidad del almac\u00e9n y las incidencias durante el despachos aduanero.<\/td><\/tr><tr><td>10<\/td><td class=\"has-text-align-center\" data-align=\"center\">Aforo senasa<\/td><td>EXPORTACION <\/td><td>De 1 &#8211; 3 d\u00edas, depender\u00e1 de la disponibilidad del almac\u00e9n y las incidencias durante el despachos aduanero.<\/td><\/tr><tr><td>11<\/td><td class=\"has-text-align-center\" data-align=\"center\">Trasegado de carga<\/td><td>IMPORTACION\/EXPORTACION <\/td><td>De 1 &#8211; 3 d\u00edas, depender\u00e1 de la disponibilidad del almac\u00e9n, personal operativo y volumen de carga.<\/td><\/tr><tr><td>12<\/td><td class=\"has-text-align-center\" data-align=\"center\">Etiquetado<\/td><td>IMPORTACION\/EXPORTACION <\/td><td>De 1 &#8211; 3 d\u00edas, depender\u00e1 de la disponibilidad del almac\u00e9n, personal operativo y volumen de carga.<\/td><\/tr><tr><td>13<\/td><td class=\"has-text-align-center\" data-align=\"center\">Facturaci\u00f3n<\/td><td>IMPO\/EXPO<\/td><td>El proceso depender\u00e1 de la entrega de documentos electr\u00f3nico por parte de los distintos operadores de comercio exterior.<\/td><\/tr><\/tbody><\/table><\/figure>\n\n\n\n<p><\/p>\n","protected":false},"excerpt":{"rendered":"<p>ITEM SERVICIO TIPO DE COMERCIO TIEMPO PROMEDIO DE ATENCI\u00d3N 1 Importaci\u00f3n definitiva IMPORTACION De 1 &#8211; 5 d\u00edas, el tiempo [&hellip;]<\/p>\n","protected":false},"author":1,"featured_media":0,"parent":0,"menu_order":0,"comment_status":"closed","ping_status":"closed","template":"","meta":{"_monsterinsights_skip_tracking":false,"_monsterinsights_sitenote_active":false,"_monsterinsights_sitenote_note":"","_monsterinsights_sitenote_category":0,"footnotes":""},"class_list":["post-154","page","type-page","status-publish","hentry"],"_links":{"self":[{"href":"https:\/\/agenciaramsey.com\/portal\/wp-json\/wp\/v2\/pages\/154","targetHints":{"allow":["GET"]}}],"collection":[{"href":"https:\/\/agenciaramsey.com\/portal\/wp-json\/wp\/v2\/pages"}],"about":[{"href":"https:\/\/agenciaramsey.com\/portal\/wp-json\/wp\/v2\/types\/page"}],"author":[{"embeddable":true,"href":"https:\/\/agenciaramsey.com\/portal\/wp-json\/wp\/v2\/users\/1"}],"replies":[{"embeddable":true,"href":"https:\/\/agenciaramsey.com\/portal\/wp-json\/wp\/v2\/comments?post=154"}],"version-history":[{"count":4,"href":"https:\/\/agenciaramsey.com\/portal\/wp-json\/wp\/v2\/pages\/154\/revisions"}],"predecessor-version":[{"id":162,"href":"https:\/\/agenciaramsey.com\/portal\/wp-json\/wp\/v2\/pages\/154\/revisions\/162"}],"wp:attachment":[{"href":"https:\/\/agenciaramsey.com\/portal\/wp-json\/wp\/v2\/media?parent=154"}],"curies":[{"name":"wp","href":"https:\/\/api.w.org\/{rel}","templated":true}]}}